{"id":1271,"date":"2024-07-24T22:02:56","date_gmt":"2024-07-24T22:02:56","guid":{"rendered":"https:\/\/sarenov.ca\/?page_id=1271"},"modified":"2024-08-14T23:07:45","modified_gmt":"2024-08-14T23:07:45","slug":"terms-and-conditions","status":"publish","type":"page","link":"https:\/\/sarenov.ca\/fr\/terms-and-conditions\/","title":{"rendered":"Conditions d'utilisation"},"content":{"rendered":"<div class=\"wpb-content-wrapper\"><div id=\"vc_row-69e24052dd5ef\" class=\"vc_row wpb_row vc_row-fluid thegem-custom-69e24052dd5d86231\"><div class=\"wpb_column vc_column_container vc_col-sm-12 thegem-custom-69e24052dd8267511\" ><div class=\"vc_column-inner thegem-custom-inner-69e24052dd828\"><div class=\"wpb_wrapper thegem-custom-69e24052dd8267511\">\r\n\t\r\n\t\t<div class=\"wpb_text_column wpb_content_element  thegem-vc-text thegem-custom-69e24052ddbab4303\"  >\r\n\t\t\t<div class=\"wpb_wrapper\">\r\n\t\t\t\t<div class=\"styled-subtitle\" style=\"text-align: center;\"><span style=\"color: #f0d591;\"><strong>Conditions g\u00e9n\u00e9rales d'utilisation<\/strong><\/span><\/div>\n\r\n\t\t\t<\/div>\r\n\t\t\t<style>@media screen and (max-width: 1023px) {.thegem-vc-text.thegem-custom-69e24052ddbab4303{display: block!important;}}@media screen and (max-width: 767px) {.thegem-vc-text.thegem-custom-69e24052ddbab4303{display: block!important;}}@media screen and (max-width: 1023px) {.thegem-vc-text.thegem-custom-69e24052ddbab4303{position: relative !important;}}@media screen and (max-width: 767px) {.thegem-vc-text.thegem-custom-69e24052ddbab4303{position: relative !important;}}<\/style>\r\n\t\t<\/div>\r\n\t\r\n<div class=\"clearboth\"><\/div><div id=\"thegem-divider-69e24052ddc7b\" class=\"gem-divider\" style=\"\" ><\/div>\r\n\t\r\n\t\t<div class=\"wpb_text_column wpb_content_element  thegem-vc-text thegem-custom-69e24052ddd113098\"  >\r\n\t\t\t<div class=\"wpb_wrapper\">\r\n\t\t\t\t<div class=\"title-h1\" style=\"text-align: center;\">Les Fr\u00e8res Sarenov Inc<\/div>\n\r\n\t\t\t<\/div>\r\n\t\t\t<style>@media screen and (max-width: 1023px) {.thegem-vc-text.thegem-custom-69e24052ddd113098{display: block!important;}}@media screen and (max-width: 767px) {.thegem-vc-text.thegem-custom-69e24052ddd113098{display: block!important;}}@media screen and (max-width: 1023px) {.thegem-vc-text.thegem-custom-69e24052ddd113098{position: relative !important;}}@media screen and (max-width: 767px) {.thegem-vc-text.thegem-custom-69e24052ddd113098{position: relative !important;}}<\/style>\r\n\t\t<\/div>\r\n\t\r\n<div class=\"clearboth\"><\/div><style>#thegem-divider-69e24052ddd84 {margin-bottom: 40px !important;}<\/style><div id=\"thegem-divider-69e24052ddd84\" class=\"gem-divider\" style=\"border-width: 1px;border-color: #f0d591;\" ><\/div>\r\n\t\r\n\t\t<div class=\"wpb_text_column wpb_content_element  thegem-vc-text thegem-custom-69e24052dde0b9868\"  >\r\n\t\t\t<div class=\"wpb_wrapper\">\r\n\t\t\t\t<div class=\"styled-subtitle\">Les pr\u00e9sentes conditions g\u00e9n\u00e9rales (les \u201cconditions g\u00e9n\u00e9rales\u201d) r\u00e9gissent l'utilisation de <a href=\"https:\/\/sarenov.ca\/fr\/\">sarenov.ca<\/a> (le \u201c site \u201d). Ce site est d\u00e9tenu et exploit\u00e9 par LES FR\u00c9RES SARENOV INC.<\/div>\n<p>&nbsp;<\/p>\n<p>En utilisant ce site, vous indiquez que vous avez lu et compris les pr\u00e9sentes conditions et que vous acceptez de les respecter \u00e0 tout moment.<\/p>\n<p><strong>Propri\u00e9t\u00e9 intellectuelle<\/strong><\/p>\n<p>Tout le contenu publi\u00e9 et rendu disponible sur notre Site est la propri\u00e9t\u00e9 de LES FR\u00c9RES SARENOV INC. et des cr\u00e9ateurs du Site. Cela comprend, sans s'y limiter, les images, les textes, les logos, les documents, les fichiers t\u00e9l\u00e9chargeables et tout ce qui contribue \u00e0 la composition de notre Site.<\/p>\n<p><strong>Utilisation acceptable<\/strong><\/p>\n<p>En tant qu'utilisateur de notre site, vous acceptez d'utiliser notre site l\u00e9galement, de ne pas l'utiliser \u00e0 des fins ill\u00e9gales et de ne pas le faire :<\/p>\n<p>-Agir d'une mani\u00e8re qui pourrait \u00eatre consid\u00e9r\u00e9e comme frauduleuse.<\/p>\n<p>Si nous pensons que vous utilisez notre site ill\u00e9galement ou d'une mani\u00e8re qui viole les pr\u00e9sentes conditions g\u00e9n\u00e9rales, nous nous r\u00e9servons le droit de limiter, de suspendre ou de r\u00e9silier votre acc\u00e8s \u00e0 notre site. Nous nous r\u00e9servons \u00e9galement le droit de prendre toutes les mesures juridiques n\u00e9cessaires pour vous emp\u00eacher d'acc\u00e9der \u00e0 notre site.<\/p>\n<p><strong>Liens vers d'autres sites web<\/strong><\/p>\n<p>Notre site contient des liens vers des sites web ou des services de tiers que nous ne poss\u00e9dons pas et ne contr\u00f4lons pas. Nous ne sommes pas responsables du contenu, des politiques ou des pratiques des sites web ou des services de tiers li\u00e9s \u00e0 notre site. Il vous incombe de lire les conditions g\u00e9n\u00e9rales et les politiques de confidentialit\u00e9 de ces sites tiers avant de les utiliser.<\/p>\n<p><strong>Limitation de la responsabilit\u00e9<\/strong><\/p>\n<p>LES FR\u00c9RES SARENOV INC. et ses administrateurs, dirigeants, agents, employ\u00e9s, filiales et soci\u00e9t\u00e9s affili\u00e9es ne seront pas responsables des actions, r\u00e9clamations, pertes, dommages, responsabilit\u00e9s et d\u00e9penses, y compris les frais juridiques, d\u00e9coulant de votre utilisation du site.<\/p>\n<p><strong>Indemnit\u00e9<\/strong><\/p>\n<p>Sauf l\u00e0 o\u00f9 la loi l'interdit, en utilisant ce site, vous indemnisez et d\u00e9gagez LES FR\u00c9RES SARENOV INC. et ses administrateurs, dirigeants, agents, employ\u00e9s, filiales et soci\u00e9t\u00e9s affili\u00e9es de toute action, r\u00e9clamation, perte, dommage, responsabilit\u00e9 et d\u00e9pense, y compris les frais juridiques, d\u00e9coulant de votre utilisation de notre site ou de votre violation des pr\u00e9sentes conditions g\u00e9n\u00e9rales d'utilisation.<\/p>\n<p><strong>S\u00e9v\u00e9rit\u00e9<\/strong><\/p>\n<p>Si, \u00e0 un moment quelconque, l'une des dispositions \u00e9nonc\u00e9es dans les pr\u00e9sentes conditions g\u00e9n\u00e9rales s'av\u00e8re incompatible ou invalide au regard des lois applicables, cette disposition sera consid\u00e9r\u00e9e comme nulle et sera supprim\u00e9e des pr\u00e9sentes conditions g\u00e9n\u00e9rales. Toutes les autres dispositions ne seront pas affect\u00e9es par cette suppression et le reste des pr\u00e9sentes conditions g\u00e9n\u00e9rales sera toujours consid\u00e9r\u00e9 comme valide.<\/p>\n<p><strong>Changements<\/strong><\/p>\n<p>Les pr\u00e9sentes conditions g\u00e9n\u00e9rales peuvent \u00eatre modifi\u00e9es de temps \u00e0 autre afin de rester conformes \u00e0 la loi et de refl\u00e9ter tout changement dans la mani\u00e8re dont nous exploitons notre site et dans la mani\u00e8re dont nous attendons des utilisateurs qu'ils se comportent sur notre site. Nous informerons les utilisateurs par courrier \u00e9lectronique des modifications apport\u00e9es aux pr\u00e9sentes conditions g\u00e9n\u00e9rales ou publierons un avis sur notre site.<\/p>\n<p><strong>Coordonn\u00e9es<\/strong><\/p>\n<p>N'h\u00e9sitez pas \u00e0 nous contacter si vous avez des questions ou des pr\u00e9occupations. Nos coordonn\u00e9es sont les suivantes :<\/p>\n<p>514-691-6764<\/p>\n<p>Date d'entr\u00e9e en vigueur : 1er jour d'ao\u00fbt 2024<\/p>\n\r\n\t\t\t<\/div>\r\n\t\t\t<style>@media screen and (max-width: 1023px) {.thegem-vc-text.thegem-custom-69e24052dde0b9868{display: block!important;}}@media screen and (max-width: 767px) {.thegem-vc-text.thegem-custom-69e24052dde0b9868{display: block!important;}}@media screen and (max-width: 1023px) {.thegem-vc-text.thegem-custom-69e24052dde0b9868{position: relative !important;}}@media screen and (max-width: 767px) {.thegem-vc-text.thegem-custom-69e24052dde0b9868{position: relative !important;}}<\/style>\r\n\t\t<\/div>\r\n\t\r\n<\/div><\/div><\/div><\/div>\n<\/div>","protected":false},"excerpt":{"rendered":"","protected":false},"author":1,"featured_media":0,"parent":0,"menu_order":0,"comment_status":"closed","ping_status":"closed","template":"","meta":{"footnotes":""},"class_list":["post-1271","page","type-page","status-publish"],"_links":{"self":[{"href":"https:\/\/sarenov.ca\/fr\/wp-json\/wp\/v2\/pages\/1271","targetHints":{"allow":["GET"]}}],"collection":[{"href":"https:\/\/sarenov.ca\/fr\/wp-json\/wp\/v2\/pages"}],"about":[{"href":"https:\/\/sarenov.ca\/fr\/wp-json\/wp\/v2\/types\/page"}],"author":[{"embeddable":true,"href":"https:\/\/sarenov.ca\/fr\/wp-json\/wp\/v2\/users\/1"}],"replies":[{"embeddable":true,"href":"https:\/\/sarenov.ca\/fr\/wp-json\/wp\/v2\/comments?post=1271"}],"version-history":[{"count":6,"href":"https:\/\/sarenov.ca\/fr\/wp-json\/wp\/v2\/pages\/1271\/revisions"}],"predecessor-version":[{"id":1373,"href":"https:\/\/sarenov.ca\/fr\/wp-json\/wp\/v2\/pages\/1271\/revisions\/1373"}],"wp:attachment":[{"href":"https:\/\/sarenov.ca\/fr\/wp-json\/wp\/v2\/media?parent=1271"}],"curies":[{"name":"wp","href":"https:\/\/api.w.org\/{rel}","templated":true}]}}