{"id":3,"date":"2024-07-17T21:37:14","date_gmt":"2024-07-17T21:37:14","guid":{"rendered":"http:\/\/sarenov.ca\/?page_id=3"},"modified":"2024-08-14T23:08:31","modified_gmt":"2024-08-14T23:08:31","slug":"politique-de-confidentialite","status":"publish","type":"page","link":"https:\/\/sarenov.ca\/fr\/privacy-policy\/","title":{"rendered":"Politique de confidentialit\u00e9"},"content":{"rendered":"<div class=\"wpb-content-wrapper\"><div class=\"vc_row-full-width-before\"><\/div><div id=\"vc_row-69e2400db052b\" data-vc-full-width=\"true\" data-vc-full-width-init=\"false\" class=\"vc_row wpb_row vc_row-fluid vc_custom_1723674274727 thegem-custom-69e2400db05164047 vc_row-has-fill\"><script type=\"text\/javascript\">if (typeof(gem_fix_fullwidth_position) == \"function\") { gem_fix_fullwidth_position(document.getElementById(\"vc_row-69e2400db052b\")); }<\/script><div class=\"wpb_column vc_column_container vc_col-sm-12 thegem-custom-69e2400db07403431\" ><div class=\"vc_column-inner thegem-custom-inner-69e2400db0741\"><div class=\"wpb_wrapper thegem-custom-69e2400db07403431\"><div class=\"clearboth\"><\/div><div id=\"thegem-divider-69e2400db09ee\" class=\"gem-divider\" style=\"width: 40px;\" ><\/div>\r\n\t\r\n\t\t<div class=\"wpb_text_column wpb_content_element  thegem-vc-text thegem-custom-69e2400db0afd6665\"  >\r\n\t\t\t<div class=\"wpb_wrapper\">\r\n\t\t\t\t<div class=\"styled-subtitle\" style=\"text-align: center;\"><span style=\"color: #f0d591;\"><strong>Politique de confidentialit\u00e9<\/strong><\/span><\/div>\n\r\n\t\t\t<\/div>\r\n\t\t\t<style>@media screen and (max-width: 1023px) {.thegem-vc-text.thegem-custom-69e2400db0afd6665{display: block!important;}}@media screen and (max-width: 767px) {.thegem-vc-text.thegem-custom-69e2400db0afd6665{display: block!important;}}@media screen and (max-width: 1023px) {.thegem-vc-text.thegem-custom-69e2400db0afd6665{position: relative !important;}}@media screen and (max-width: 767px) {.thegem-vc-text.thegem-custom-69e2400db0afd6665{position: relative !important;}}<\/style>\r\n\t\t<\/div>\r\n\t\r\n\r\n\t\r\n\t\t<div class=\"wpb_text_column wpb_content_element  thegem-vc-text thegem-custom-69e2400db0c477518\"  >\r\n\t\t\t<div class=\"wpb_wrapper\">\r\n\t\t\t\t<div class=\"title-h1\" style=\"text-align: center;\">Les Fr\u00e8res Sarenov Inc.<\/div>\n\r\n\t\t\t<\/div>\r\n\t\t\t<style>@media screen and (max-width: 1023px) {.thegem-vc-text.thegem-custom-69e2400db0c477518{display: block!important;}}@media screen and (max-width: 767px) {.thegem-vc-text.thegem-custom-69e2400db0c477518{display: block!important;}}@media screen and (max-width: 1023px) {.thegem-vc-text.thegem-custom-69e2400db0c477518{position: relative !important;}}@media screen and (max-width: 767px) {.thegem-vc-text.thegem-custom-69e2400db0c477518{position: relative !important;}}<\/style>\r\n\t\t<\/div>\r\n\t\r\n<div class=\"vc_separator wpb_content_element vc_separator_align_center vc_sep_width_100 vc_sep_border_width_3 vc_sep_pos_align_center vc_separator_no_text vc_custom_1723676909251  vc_custom_1723676909251 wpb_content_element\"><span class=\"vc_sep_holder vc_sep_holder_l\"><span  style=\"border-color:#f0d591;\" class=\"vc_sep_line\"><\/span><\/span><span class=\"vc_sep_holder vc_sep_holder_r\"><span  style=\"border-color:#f0d591;\" class=\"vc_sep_line\"><\/span><\/span>\r\n<\/div>\r\n\t\r\n\t\t<div class=\"wpb_text_column wpb_content_element  thegem-vc-text thegem-custom-69e2400db0fb86606\"  >\r\n\t\t\t<div class=\"wpb_wrapper\">\r\n\t\t\t\t<div class=\"styled-subtitle\"><a href=\"https:\/\/sarenov.ca\/fr\/\">sarenov.ca<\/a> (le \u201c site \u201d) est d\u00e9tenu et exploit\u00e9 par LES FR\u00c9RES SARENOV INC. On peut communiquer avec LES FR\u00c9RES SARENOV INC. \u00e0 l'adresse suivante<\/div>\n<div><\/div>\n<p>514-691-6764<\/p>\n<p><strong>Objectif<\/strong><\/p>\n<p>La pr\u00e9sente politique de protection de la vie priv\u00e9e (ci-apr\u00e8s d\u00e9nomm\u00e9e \u201cpolitique de protection de la vie priv\u00e9e\u201d) a pour objet d'informer les utilisateurs de notre site des \u00e9l\u00e9ments suivants :<\/p>\n<ol start=\"1\">\n<li value=\"1\">Les donn\u00e9es personnelles que nous collecterons ;<\/li>\n<li value=\"2\">Utilisation des donn\u00e9es collect\u00e9es ;<\/li>\n<li value=\"3\">qui a acc\u00e8s aux donn\u00e9es collect\u00e9es ; et<\/li>\n<li value=\"4\">Les droits des utilisateurs du site.<\/li>\n<\/ol>\n<p>La pr\u00e9sente politique de confidentialit\u00e9 s'applique en compl\u00e9ment des conditions g\u00e9n\u00e9rales de notre site.<\/p>\n<p><strong>Consentement<\/strong><\/p>\n<p>En utilisant notre site, les utilisateurs acceptent de :<\/p>\n<ol start=\"1\">\n<li value=\"1\">les conditions \u00e9nonc\u00e9es dans la pr\u00e9sente politique de confidentialit\u00e9 ; et<\/li>\n<li value=\"2\">La collecte, l'utilisation et la conservation des donn\u00e9es \u00e9num\u00e9r\u00e9es dans la pr\u00e9sente politique de confidentialit\u00e9.<\/li>\n<\/ol>\n<p><strong>Donn\u00e9es personnelles collect\u00e9es<\/strong><\/p>\n<p>Nous ne recueillons que les donn\u00e9es qui nous aident \u00e0 atteindre l'objectif d\u00e9fini dans la pr\u00e9sente politique de protection de la vie priv\u00e9e. Nous ne collecterons pas d'autres donn\u00e9es que celles \u00e9num\u00e9r\u00e9es ci-dessous sans vous en informer au pr\u00e9alable.<\/p>\n<p><strong>Donn\u00e9es collect\u00e9es de mani\u00e8re non automatique<\/strong><\/p>\n<p>Nous pouvons \u00e9galement collecter les donn\u00e9es suivantes lorsque vous effectuez certaines fonctions sur notre site :<\/p>\n<ol start=\"1\">\n<li value=\"1\">Nom et pr\u00e9nom ;<\/li>\n<li value=\"2\">Adresse \u00e9lectronique ; et<\/li>\n<li value=\"3\">Num\u00e9ro de t\u00e9l\u00e9phone.<\/li>\n<\/ol>\n<p>Ces donn\u00e9es peuvent \u00eatre collect\u00e9es \u00e0 l'aide des m\u00e9thodes suivantes :<\/p>\n<ol start=\"1\">\n<li value=\"1\">Envoi d'un formulaire de contact.<\/li>\n<\/ol>\n<p><strong>Comment nous utilisons les donn\u00e9es personnelles<\/strong><\/p>\n<p>Les donn\u00e9es collect\u00e9es sur notre site ne seront utilis\u00e9es qu'aux fins sp\u00e9cifi\u00e9es dans la pr\u00e9sente politique de confidentialit\u00e9 ou indiqu\u00e9es sur les pages correspondantes de notre site. Nous n'utiliserons pas vos donn\u00e9es au-del\u00e0 de ce que nous indiquons dans la pr\u00e9sente politique de confidentialit\u00e9.<\/p>\n<p>Les donn\u00e9es que nous collectons lorsque l'utilisateur ex\u00e9cute certaines fonctions peuvent \u00eatre utilis\u00e9es aux fins suivantes :<\/p>\n<ol start=\"1\">\n<li value=\"1\">Communication ;<\/li>\n<li value=\"2\">Offre de services ;<\/li>\n<li value=\"3\">Estimation des prix ; et<\/li>\n<li value=\"4\">Programmer des r\u00e9unions.<\/li>\n<\/ol>\n<p><strong>Avec qui partageons-nous les donn\u00e9es personnelles ?<\/strong><\/p>\n<p><strong>Salari\u00e9s<\/strong><br \/>\nNous pouvons divulguer les donn\u00e9es de l'utilisateur \u00e0 tout membre de notre organisation qui a raisonnablement besoin d'acc\u00e9der aux donn\u00e9es de l'utilisateur pour atteindre les objectifs d\u00e9finis dans la pr\u00e9sente politique de protection de la vie priv\u00e9e.<\/p>\n<p><strong>Autres informations<\/strong><br \/>\nNous ne vendrons ni ne partagerons vos donn\u00e9es avec des tiers, sauf dans les cas suivants :<\/p>\n<ol start=\"1\">\n<li value=\"1\">Si la loi l'exige ;<\/li>\n<li value=\"2\">Si elle est n\u00e9cessaire pour une proc\u00e9dure judiciaire ;<\/li>\n<li value=\"3\">prouver ou prot\u00e9ger nos droits l\u00e9gaux ; et<\/li>\n<li value=\"4\">Aux acheteurs ou aux acheteurs potentiels de cette entreprise dans le cas o\u00f9 nous chercherions \u00e0 vendre l'entreprise.<\/li>\n<\/ol>\n<p>Si vous suivez des hyperliens de notre site vers un autre site, veuillez noter que nous ne sommes pas responsables de leurs politiques et pratiques en mati\u00e8re de protection de la vie priv\u00e9e et que nous n'avons aucun contr\u00f4le sur celles-ci.<\/p>\n<p><strong>Dur\u00e9e de conservation des donn\u00e9es personnelles<\/strong><\/p>\n<p>Les donn\u00e9es des utilisateurs seront conserv\u00e9es jusqu'\u00e0 ce que l'objectif pour lequel elles ont \u00e9t\u00e9 collect\u00e9es ait \u00e9t\u00e9 atteint.<\/p>\n<p>Vous serez inform\u00e9 si vos donn\u00e9es sont conserv\u00e9es au-del\u00e0 de cette p\u00e9riode.<\/p>\n<p><strong>Comment nous prot\u00e9geons vos donn\u00e9es personnelles<\/strong><\/p>\n<p>Afin de prot\u00e9ger vos informations personnelles et la s\u00e9curit\u00e9 des donn\u00e9es, nous utilisons le cryptage de navigateur le plus puissant qui soit et nous stockons toutes nos donn\u00e9es sur des serveurs situ\u00e9s dans des installations s\u00e9curis\u00e9es. Toutes les donn\u00e9es ne sont accessibles qu'\u00e0 nos employ\u00e9s. Nos employ\u00e9s sont li\u00e9s par des accords de confidentialit\u00e9 stricts et toute violation de cet accord entra\u00eenerait le licenciement de l'employ\u00e9.<\/p>\n<p>Bien que nous prenions toutes les pr\u00e9cautions raisonnables pour garantir la s\u00e9curit\u00e9 des donn\u00e9es des utilisateurs et leur protection, il subsiste toujours un risque de pr\u00e9judice. L'Internet dans son ensemble est parfois peu s\u00fbr et nous ne pouvons donc pas garantir la s\u00e9curit\u00e9 des donn\u00e9es des utilisateurs au-del\u00e0 de ce qui est raisonnablement possible.<\/p>\n<p>Les enfants<\/p>\n<p>Nous ne collectons ni n'utilisons sciemment les donn\u00e9es personnelles d'enfants de moins de 13 ans. Si nous apprenons que nous avons collect\u00e9 des donn\u00e9es personnelles aupr\u00e8s d'un enfant de moins de 13 ans, ces donn\u00e9es seront supprim\u00e9es d\u00e8s que possible. Si un enfant de moins de 13 ans nous a fourni des donn\u00e9es personnelles, ses parents ou son tuteur peuvent contacter notre responsable de la protection de la vie priv\u00e9e.<\/p>\n<p>Comment acc\u00e9der aux donn\u00e9es collect\u00e9es, les modifier, les supprimer ou les contester ?<\/p>\n<p>Si vous souhaitez savoir si nous avons collect\u00e9 vos donn\u00e9es personnelles, comment nous les avons utilis\u00e9es, si nous les avons divulgu\u00e9es et \u00e0 qui nous les avons divulgu\u00e9es, ou si vous souhaitez que vos donn\u00e9es soient supprim\u00e9es ou modifi\u00e9es de quelque mani\u00e8re que ce soit, veuillez contacter notre responsable de la protection de la vie priv\u00e9e ici :<\/p>\n<p>514-691-6764<\/p>\n<p>Modifications<\/p>\n<p>La pr\u00e9sente politique de protection de la vie priv\u00e9e peut \u00eatre modifi\u00e9e de temps \u00e0 autre afin de rester conforme \u00e0 la loi et de refl\u00e9ter toute modification apport\u00e9e \u00e0 notre processus de collecte de donn\u00e9es. Lorsque nous modifions la pr\u00e9sente politique de confidentialit\u00e9, nous mettons \u00e0 jour la \u201cdate d'entr\u00e9e en vigueur\u201d en haut de la pr\u00e9sente politique de confidentialit\u00e9. Nous recommandons \u00e0 nos utilisateurs de consulter r\u00e9guli\u00e8rement notre politique de protection de la vie priv\u00e9e afin de s'assurer qu'ils sont inform\u00e9s de toute mise \u00e0 jour. Le cas \u00e9ch\u00e9ant, nous pouvons informer les utilisateurs par courrier \u00e9lectronique des modifications apport\u00e9es \u00e0 la pr\u00e9sente politique de confidentialit\u00e9.<\/p>\n<p>Informations sur le contact<\/p>\n<p>Si vous avez des questions, des pr\u00e9occupations ou des plaintes, vous pouvez contacter notre responsable de la protection de la vie priv\u00e9e \u00e0 l'adresse suivante<\/p>\n<p>514-691-6764<\/p>\n\r\n\t\t\t<\/div>\r\n\t\t\t<style>@media screen and (max-width: 1023px) {.thegem-vc-text.thegem-custom-69e2400db0fb86606{display: block!important;}}@media screen and (max-width: 767px) {.thegem-vc-text.thegem-custom-69e2400db0fb86606{display: block!important;}}@media screen and (max-width: 1023px) {.thegem-vc-text.thegem-custom-69e2400db0fb86606{position: relative !important;}}@media screen and (max-width: 767px) {.thegem-vc-text.thegem-custom-69e2400db0fb86606{position: relative !important;}}<\/style>\r\n\t\t<\/div>\r\n\t\r\n<\/div><\/div><\/div><\/div><div class=\"vc_row-full-width vc_clearfix\"><\/div>\n<\/div>","protected":false},"excerpt":{"rendered":"","protected":false},"author":1,"featured_media":0,"parent":0,"menu_order":0,"comment_status":"closed","ping_status":"open","template":"","meta":{"footnotes":""},"class_list":["post-3","page","type-page","status-publish"],"_links":{"self":[{"href":"https:\/\/sarenov.ca\/fr\/wp-json\/wp\/v2\/pages\/3","targetHints":{"allow":["GET"]}}],"collection":[{"href":"https:\/\/sarenov.ca\/fr\/wp-json\/wp\/v2\/pages"}],"about":[{"href":"https:\/\/sarenov.ca\/fr\/wp-json\/wp\/v2\/types\/page"}],"author":[{"embeddable":true,"href":"https:\/\/sarenov.ca\/fr\/wp-json\/wp\/v2\/users\/1"}],"replies":[{"embeddable":true,"href":"https:\/\/sarenov.ca\/fr\/wp-json\/wp\/v2\/comments?post=3"}],"version-history":[{"count":7,"href":"https:\/\/sarenov.ca\/fr\/wp-json\/wp\/v2\/pages\/3\/revisions"}],"predecessor-version":[{"id":1374,"href":"https:\/\/sarenov.ca\/fr\/wp-json\/wp\/v2\/pages\/3\/revisions\/1374"}],"wp:attachment":[{"href":"https:\/\/sarenov.ca\/fr\/wp-json\/wp\/v2\/media?parent=3"}],"curies":[{"name":"wp","href":"https:\/\/api.w.org\/{rel}","templated":true}]}}