{"id":950,"date":"2018-01-12T08:43:52","date_gmt":"2018-01-12T08:43:52","guid":{"rendered":"http:\/\/democontent.codex-themes.com\/sites\/handyman-service\/?page_id=950"},"modified":"2024-11-04T07:55:23","modified_gmt":"2024-11-04T07:55:23","slug":"nos-nouvelles","status":"publish","type":"page","link":"https:\/\/sarenov.ca\/fr\/our-news\/","title":{"rendered":"Actualit\u00e9s"},"content":{"rendered":"<div class=\"wpb-content-wrapper\"><div class=\"vc_row-full-width-before\"><\/div><div id=\"vc_row-69e24017d15e3\" data-vc-full-width=\"true\" data-vc-full-width-init=\"false\" class=\"vc_row wpb_row vc_row-fluid vc_custom_1730706405853 thegem-custom-69e24017d15cb9597 vc_row-has-fill\"><script type=\"text\/javascript\">if (typeof(gem_fix_fullwidth_position) == \"function\") { gem_fix_fullwidth_position(document.getElementById(\"vc_row-69e24017d15e3\")); }<\/script><div class=\"wpb_column vc_column_container vc_col-sm-12 thegem-custom-69e24017d17f65080\" ><div class=\"vc_column-inner thegem-custom-inner-69e24017d17f9\"><div class=\"wpb_wrapper thegem-custom-69e24017d17f65080\">\r\n\t\r\n\t\t<div class=\"wpb_text_column wpb_content_element  thegem-vc-text thegem-custom-69e24017d1b1b5990\"  >\r\n\t\t\t<div class=\"wpb_wrapper\">\r\n\t\t\t\t<div class=\"title-h1\" style=\"text-align: center;\">Nouvelles de notre blog<\/div>\n\r\n\t\t\t<\/div>\r\n\t\t\t<style>@media screen and (max-width: 1023px) {.thegem-vc-text.thegem-custom-69e24017d1b1b5990{display: block!important;}}@media screen and (max-width: 767px) {.thegem-vc-text.thegem-custom-69e24017d1b1b5990{display: block!important;}}@media screen and (max-width: 1023px) {.thegem-vc-text.thegem-custom-69e24017d1b1b5990{position: relative !important;}}@media screen and (max-width: 767px) {.thegem-vc-text.thegem-custom-69e24017d1b1b5990{position: relative !important;}}<\/style>\r\n\t\t<\/div>\r\n\t\r\n<\/div><\/div><\/div><\/div><div class=\"vc_row-full-width vc_clearfix\"><\/div><div class=\"vc_row-full-width-before\"><\/div><div id=\"vc_row-69e24017d1d7d\" data-vc-full-width=\"true\" data-vc-full-width-init=\"false\" data-vc-stretch-content=\"true\" class=\"vc_row wpb_row vc_row-fluid vc_custom_1730329819507 thegem-custom-69e24017d1d6b2610 vc_row-has-fill vc_row-no-padding vc_row-o-equal-height vc_row-flex\"><script type=\"text\/javascript\">if (typeof(gem_fix_fullwidth_position) == \"function\") { gem_fix_fullwidth_position(document.getElementById(\"vc_row-69e24017d1d7d\")); }<\/script><div class=\"wpb_column vc_column_container vc_col-sm-6 vc_hidden-md vc_hidden-sm vc_hidden-xs thegem-custom-69e24017d1ee95034 vc_col-has-fill\" ><div class=\"vc_column-inner thegem-custom-inner-69e24017d1eea vc_custom_1722027213817\"><div class=\"wpb_wrapper thegem-custom-69e24017d1ee95034\"><div class=\"clearboth\"><\/div><style>#thegem-divider-69e24017d1f7e {margin-top: 20px !important;}<\/style><div id=\"thegem-divider-69e24017d1f7e\" class=\"gem-divider\" style=\"\" ><\/div><\/div><\/div><\/div><div class=\"wpb_column vc_column_container vc_col-sm-12 vc_col-lg-6 vc_col-md-12 vc_hidden-md vc_hidden-sm vc_hidden-xs thegem-custom-69e24017d20ad6892 vc_col-has-fill\" ><div class=\"vc_column-inner thegem-custom-inner-69e24017d20af vc_custom_1721746220550\"><div class=\"wpb_wrapper thegem-custom-69e24017d20ad6892\"><div class=\"clearboth\"><\/div><style>#thegem-divider-69e24017d212f {margin-top: 20px !important;}<\/style><div id=\"thegem-divider-69e24017d212f\" class=\"gem-divider\" style=\"\" ><\/div><\/div><\/div><\/div><\/div><div class=\"vc_row-full-width vc_clearfix\"><\/div><div class=\"vc_row-full-width-before\"><\/div><div id=\"vc_row-69e24017d22a8\" data-vc-full-width=\"true\" data-vc-full-width-init=\"false\" data-vc-stretch-content=\"true\" class=\"vc_row wpb_row vc_row-fluid vc_custom_1730329907881 thegem-custom-69e24017d22978025 vc_row-has-fill vc_row-no-padding vc_row-o-equal-height vc_row-flex\"><script type=\"text\/javascript\">if (typeof(gem_fix_fullwidth_position) == \"function\") { gem_fix_fullwidth_position(document.getElementById(\"vc_row-69e24017d22a8\")); }<\/script><div class=\"wpb_column vc_column_container vc_col-sm-6 vc_hidden-lg thegem-custom-69e24017d23f27485 vc_col-has-fill\" ><div class=\"vc_column-inner thegem-custom-inner-69e24017d23f4 vc_custom_1730324771188\"><div class=\"wpb_wrapper thegem-custom-69e24017d23f27485\"><div class=\"clearboth\"><\/div><style>#thegem-divider-69e24017d246f {margin-top: 20px !important;}<\/style><div id=\"thegem-divider-69e24017d246f\" class=\"gem-divider\" style=\"\" ><\/div><\/div><\/div><\/div><div class=\"wpb_column vc_column_container vc_col-sm-12 vc_col-lg-6 vc_hidden-lg vc_col-md-12 vc_hidden-md vc_hidden-sm vc_hidden-xs thegem-custom-69e24017d256d2943 vc_col-has-fill\" ><div class=\"vc_column-inner thegem-custom-inner-69e24017d256e vc_custom_1730324828142\"><div class=\"wpb_wrapper thegem-custom-69e24017d256d2943\"><div class=\"clearboth\"><\/div><style>#thegem-divider-69e24017d25d8 {margin-top: 20px !important;}<\/style><div id=\"thegem-divider-69e24017d25d8\" class=\"gem-divider\" style=\"\" ><\/div><\/div><\/div><\/div><\/div><div class=\"vc_row-full-width vc_clearfix\"><\/div><div id=\"vc_row-69e24017d2730\" class=\"vc_row wpb_row vc_row-fluid vc_custom_1723681003679 thegem-custom-69e24017d27247879 vc_row-has-fill\"><div class=\"wpb_column vc_column_container vc_col-sm-12 thegem-custom-69e24017d288c7254\" ><div class=\"vc_column-inner thegem-custom-inner-69e24017d288e\"><div class=\"wpb_wrapper thegem-custom-69e24017d288c7254\"><style>.portfolio.news-grid#style-f667a67 .portfolio-item:not(.size-item), .preloader#style-preloader-f667a67 .portfolio-item { padding: calc(20px\/2) !important; }.portfolio.news-grid#style-f667a67 .portfolio-item.size-item { padding: 0 calc(20px\/2) !important; }.portfolio.news-grid#style-f667a67 .portfolio-row, .preloader#style-preloader-f667a67 .skeleton-posts.portfolio-row { margin: calc(-20px\/2); }.portfolio.news-grid#style-f667a67.fullwidth-columns .portfolio-row { margin: calc(-20px\/2) 0; }.portfolio.news-grid#style-f667a67 .fullwidth-block:not(.no-paddings) { padding-left: 20px; padding-right: 20px; }.portfolio.news-grid#style-f667a67 .fullwidth-block .portfolio-row { padding-left: calc(20px\/2); padding-right: calc(20px\/2); }.portfolio.news-grid#style-f667a67 .fullwidth-block .portfolio-top-panel { padding-left: 20px; padding-right: 20px; }.portfolio.news-grid#style-f667a67.fullwidth-columns .with-filter-sidebar .filter-sidebar { padding-left: 20px; }.portfolio.news-grid#style-f667a67.list-style.with-divider .portfolio-item .wrap:before { top: calc(-20px\/2); }@media (max-width: 991px) { .portfolio.news-grid#style-f667a67 .portfolio-item:not(.size-item), .preloader#style-preloader-f667a67 .portfolio-item { padding: calc(42px\/2) !important; }.portfolio.news-grid#style-f667a67 .portfolio-item.size-item { padding: 0 calc(42px\/2) !important; }.portfolio.news-grid#style-f667a67 .portfolio-row, .preloader#style-preloader-f667a67 .skeleton-posts.portfolio-row { margin: calc(-42px\/2); }.portfolio.news-grid#style-f667a67.fullwidth-columns .portfolio-row { margin: calc(-42px\/2) 0; }.portfolio.news-grid#style-f667a67 .fullwidth-block:not(.no-paddings) { padding-left: 42px; padding-right: 42px; }.portfolio.news-grid#style-f667a67 .fullwidth-block .portfolio-row { padding-left: calc(42px\/2); padding-right: calc(42px\/2); }.portfolio.news-grid#style-f667a67 .fullwidth-block .portfolio-top-panel { padding-left: 42px; padding-right: 42px; }.portfolio.news-grid#style-f667a67.fullwidth-columns .with-filter-sidebar .filter-sidebar { padding-left: 42px; }.portfolio.news-grid#style-f667a67.list-style.with-divider .portfolio-item .wrap:before { top: calc(-42px\/2); }}@media (max-width: 767px) { .portfolio.news-grid#style-f667a67 .portfolio-item:not(.size-item), .preloader#style-preloader-f667a67 .portfolio-item { padding: calc(42px\/2) !important; }.portfolio.news-grid#style-f667a67 .portfolio-item.size-item { padding: 0 calc(42px\/2) !important; }.portfolio.news-grid#style-f667a67 .portfolio-row, .preloader#style-preloader-f667a67 .skeleton-posts.portfolio-row { margin: calc(-42px\/2); }.portfolio.news-grid#style-f667a67.fullwidth-columns .portfolio-row { margin: calc(-42px\/2) 0; }.portfolio.news-grid#style-f667a67 .fullwidth-block:not(.no-paddings) { padding-left: 42px; padding-right: 42px; }.portfolio.news-grid#style-f667a67 .fullwidth-block .portfolio-row { padding-left: calc(42px\/2); padding-right: calc(42px\/2); }.portfolio.news-grid#style-f667a67 .fullwidth-block .portfolio-top-panel { padding-left: 42px; padding-right: 42px; }.portfolio.news-grid#style-f667a67.fullwidth-columns .with-filter-sidebar .filter-sidebar { padding-left: 42px; }.portfolio.news-grid#style-f667a67.list-style.with-divider .portfolio-item .wrap:before { top: calc(-42px\/2); }}.portfolio.news-grid#style-f667a67 .portfolio-item .caption .title span { letter-spacing: px !important; }.portfolio.news-grid#style-f667a67 .portfolio-item .image .overlay .caption .info { background-color: #f0d591 !important; }<\/style><style>.portfolio.news-grid#style-f667a67 .portfolio-filters { text-align: center; }<\/style> <div class=\"portfolio-preloader-wrapper panel-sidebar-position-left\"> <div class=\"portfolio portfolio-grid extended-portfolio-grid news-grid no-padding portfolio-pagination-scroll portfolio-style-justified background-style-transparent title-style-light hover-new-zooming-blur title-on-page caption-position-page version-new loading-animation item-animation-move-up columns-3 columns-tablet-2 columns-mobile-1 disable-isotope\" id=\"style-f667a67\" data-style-uid=\"f667a67\" data-portfolio-uid=\"grid_e93eff3\" data-current-page=\"1\" data-per-page=\"8\" data-next-page=\"0\" data-pages-count=\"1\" data-hover=\"zooming-blur\" data-portfolio-filter=\"[]\" data-portfolio-filter-attributes=\"null\" data-portfolio-filter-status=\"null\" data-portfolio-filter-price=\"null\" data-portfolio-filter-search=\"\"> <div class=\"portfolio-row-outer\"> <div class=\"portfolio-top-panel filter-type-default selected-only\"> <div class=\"portfolio-top-panel-row filter-style-buttons\"> <div class=\"portfolio-top-panel-left\"><div class=\"portfolio-filter-item portfolio-selected-filters left\"> <div class=\"portfolio-selected-filter-item clear-filters\"> Effacer les filtres\t<\/div> <\/div> <\/div> <div class=\"portfolio-top-panel-right\"> <\/div> <\/div> <\/div> <div class=\"row portfolio-row\"> <div class=\"portfolio-set clearfix\" data-max-row-height=\"380\"> <div class=\"portfolio-item construction renovation col-xs-12 col-sm-6 col-md-4 item-animations-not-inited show-caption-border appearance-type- post-952 post type-post status-publish format-standard has-post-thumbnail category-construction category-renovation\" data-default-sort=\"0\" data-sort-date=\"1720773760\"> <div class=\"wrap clearfix\"> <div class=\"image post-952 post type-post status-publish format-standard has-post-thumbnail category-construction category-renovation\"> <div class=\"image-inner\"> <picture> <img src=\"https:\/\/sarenov.ca\/wp-content\/uploads\/2026\/04\/transparent-thegem-product-justified-square-m.png\" width=\"400\" height=\"400\" class=\"attachment-thegem-product-justified-square-m\" alt=\"Transformer les espaces : R\u00e9volutionner la r\u00e9novation et la construction \u00e0 Montr\u00e9al\" \/> <\/picture> <div class=\"post-featured-content\"><a href=\"https:\/\/sarenov.ca\/fr\/transforming-spaces-revolutionizing-renovation-and-construction-in-montreal\/\"> <picture> <source srcset=\"https:\/\/sarenov.ca\/wp-content\/uploads\/2024\/07\/Sarenov-blogs-thegem-product-justified-square-m.jpg 1x\" sizes=\"100vw\"> <img src=\"https:\/\/sarenov.ca\/wp-content\/uploads\/2024\/07\/Sarenov-blogs-thegem-product-justified-square-m.jpg\" width=\"400\" height=\"400\" class=\"img-responsive\" alt=\"Sarenov\" \/> <\/picture> <\/a><\/div> <\/div> <div class=\"overlay\"> <div class=\"overlay-circle\"><\/div> <div class=\"links-wrapper\"> <div class=\"links\"> <div class=\"caption\"> <a href=\"https:\/\/sarenov.ca\/fr\/transforming-spaces-revolutionizing-renovation-and-construction-in-montreal\/\" class=\"portfolio-item-link\"> <span class=\"screen-reader-text\">Transformer les espaces : R\u00e9volutionner la r\u00e9novation et la construction \u00e0 Montr\u00e9al<\/span> <\/a> <div class=\"portfolio-icons\"> <a href=\"javascript: void(0);\" class=\"icon self-link\" aria-label=\"Transformer les espaces : R\u00e9volutionner la r\u00e9novation et la construction \u00e0 Montr\u00e9al\"><i class=\"default\"><\/i><\/a> <\/div> <div class=\"info\"> <a class=\"additional-meta\" data-filter-type=\"taxonomies\" data-attr=\"category\" data-filter=\"construction\">La construction<\/a><span class=\"sep\"><\/span> <a class=\"additional-meta\" data-filter-type=\"taxonomies\" data-attr=\"category\" data-filter=\"renovation\">R\u00e9novation<\/a> <\/div> <\/div> <\/div> <\/div> <\/div> <\/div> <div class=\"caption post-952 post type-post status-publish format-standard has-post-thumbnail category-construction category-renovation\"> <div class=\"post-author-date\"> <div class=\"post-date\">12 juillet 2024<\/div> <\/div> <div class=\"title\"> <span class=\"title-h4\"><a href=\"https:\/\/sarenov.ca\/fr\/transforming-spaces-revolutionizing-renovation-and-construction-in-montreal\/\" rel=\"bookmark\">Transformer les espaces : R\u00e9volutionner la r\u00e9novation et la construction \u00e0 Montr\u00e9al<\/a><\/span> <\/div> <div class=\"description\"> <p>Montr\u00e9al, ville connue pour sa riche histoire et sa culture vibrante, est aussi un centre d'\u00e9volution et de transformation constantes dans le domaine de la construction et de la r\u00e9novation. Que vous souhaitiez moderniser votre propri\u00e9t\u00e9 r\u00e9sidentielle ou r\u00e9am\u00e9nager un espace commercial, la compr\u00e9hension du paysage dynamique de l'industrie de la construction \u00e0 Montr\u00e9al est essentielle \u00e0 la r\u00e9ussite de votre projet.<\/p> <\/div> <div class=\"grid-post-meta clearfix without-likes\"> <div class=\"grid-post-meta-inner\"> <div class=\"grid-post-share\"> <a href=\"javascript: void(0);\" class=\"icon share\" role=\"button\" aria-label=\"Partager\"><i class=\"default\"><\/i><\/a> <\/div> <div class=\"portfolio-sharing-pane\"> <div class=\"socials-sharing socials socials-colored-hover\"> <a class=\"socials-item\" target=\"_blank\" href=\"https:\/\/www.facebook.com\/sharer\/sharer.php?u=https%3A%2F%2Fsarenov.ca%2Ffr%2Ftransforming-spaces-revolutionizing-renovation-and-construction-in-montreal%2F\" title=\"Facebook\"><i class=\"socials-item-icon facebook\"><\/i><\/a> <a class=\"socials-item\" target=\"_blank\" href=\"https:\/\/twitter.com\/intent\/tweet?text=Transforming+Spaces%3A+Revolutionizing+Renovation+and+Construction+in+Montreal&#038;url=https%3A%2F%2Fsarenov.ca%2Ffr%2Ftransforming-spaces-revolutionizing-renovation-and-construction-in-montreal%2F\" title=\"Twitter\"><i class=\"socials-item-icon twitter\"><\/i><\/a> <a class=\"socials-item\" target=\"_blank\" href=\"https:\/\/pinterest.com\/pin\/create\/button\/?url=https%3A%2F%2Fsarenov.ca%2Ffr%2Ftransforming-spaces-revolutionizing-renovation-and-construction-in-montreal%2F&#038;description=Transforming+Spaces%3A+Revolutionizing+Renovation+and+Construction+in+Montreal&#038;media=https%3A%2F%2Fsarenov.ca%2Fwp-content%2Fuploads%2F2024%2F07%2FSarenov-blogs-thegem-blog-timeline-large.jpg\" title=\"Pinterest\"><i class=\"socials-item-icon pinterest\"><\/i><\/a> <a class=\"socials-item\" target=\"_blank\" href=\"https:\/\/www.tumblr.com\/widgets\/share\/tool?canonicalUrl=https%3A%2F%2Fsarenov.ca%2Ffr%2Ftransforming-spaces-revolutionizing-renovation-and-construction-in-montreal%2F\" title=\"Tumblr\"><i class=\"socials-item-icon tumblr\"><\/i><\/a> <a class=\"socials-item\" target=\"_blank\" href=\"https:\/\/www.linkedin.com\/shareArticle?mini=true&#038;url=https%3A%2F%2Fsarenov.ca%2Ffr%2Ftransforming-spaces-revolutionizing-renovation-and-construction-in-montreal%2F&#038;title=Transforming+Spaces%3A+Revolutionizing+Renovation+and+Construction+in+Montreal&amp;summary=Montreal%2C+a+city+known+for+its+rich+history+and+vibrant+culture%2C+is+also+a+hub+of+constant+evolution+and+transformation+in+the+realm+of+construction+and+renovation.+Whether+you%27re+looking+to+update+your+residential+property+or+revamp+a+commercial+space%2C+understanding+the+dynamic+landscape+of+Montreal%27s+construction+industry+is+key+to+a+successful+project.\" title=\"LinkedIn\"><i class=\"socials-item-icon linkedin\"><\/i><\/a> <a class=\"socials-item\" target=\"_blank\" href=\"https:\/\/www.reddit.com\/submit?url=https%3A%2F%2Fsarenov.ca%2Ffr%2Ftransforming-spaces-revolutionizing-renovation-and-construction-in-montreal%2F&#038;title=Transforming+Spaces%3A+Revolutionizing+Renovation+and+Construction+in+Montreal\" title=\"Reddit\"><i class=\"socials-item-icon reddit\"><\/i><\/a> <\/div> <\/div> <div class=\"grid-post-meta-comments-likes\"> <\/div> <\/div> <\/div> <\/div> <\/div> <\/div> <\/div><!-- .portflio-set --> <div class=\"portfolio-item-size-container\"> <div class=\"portfolio-item col-xs-12 col-sm-6 col-md-4 item-animations-not-inited show-caption-border post-952 post type-post status-publish format-standard has-post-thumbnail category-construction category-renovation\"> <\/div> <\/div> <\/div><!-- .row--> <\/div><!-- .full-width --> <\/div><!-- .portfolio--> <\/div><!-- .portfolio-preloader-wrapper--><\/div><\/div><\/div><\/div>\n<\/div>","protected":false},"excerpt":{"rendered":"","protected":false},"author":1,"featured_media":0,"parent":0,"menu_order":0,"comment_status":"closed","ping_status":"closed","template":"","meta":{"footnotes":""},"class_list":["post-950","page","type-page","status-publish"],"_links":{"self":[{"href":"https:\/\/sarenov.ca\/fr\/wp-json\/wp\/v2\/pages\/950","targetHints":{"allow":["GET"]}}],"collection":[{"href":"https:\/\/sarenov.ca\/fr\/wp-json\/wp\/v2\/pages"}],"about":[{"href":"https:\/\/sarenov.ca\/fr\/wp-json\/wp\/v2\/types\/page"}],"author":[{"embeddable":true,"href":"https:\/\/sarenov.ca\/fr\/wp-json\/wp\/v2\/users\/1"}],"replies":[{"embeddable":true,"href":"https:\/\/sarenov.ca\/fr\/wp-json\/wp\/v2\/comments?post=950"}],"version-history":[{"count":8,"href":"https:\/\/sarenov.ca\/fr\/wp-json\/wp\/v2\/pages\/950\/revisions"}],"predecessor-version":[{"id":1547,"href":"https:\/\/sarenov.ca\/fr\/wp-json\/wp\/v2\/pages\/950\/revisions\/1547"}],"wp:attachment":[{"href":"https:\/\/sarenov.ca\/fr\/wp-json\/wp\/v2\/media?parent=950"}],"curies":[{"name":"wp","href":"https:\/\/api.w.org\/{rel}","templated":true}]}}